{"id":553,"date":"2022-04-15T13:26:21","date_gmt":"2022-04-15T13:26:21","guid":{"rendered":"http:\/\/thomaszigahn.de\/?page_id=553"},"modified":"2022-04-15T13:29:41","modified_gmt":"2022-04-15T13:29:41","slug":"der-teufel-im-detail","status":"publish","type":"page","link":"https:\/\/thomaszigahn.de\/?page_id=553","title":{"rendered":"Der Teufel im Detail (2022-"},"content":{"rendered":"\n<p>Seit Anfang 2022 habe ich die Idee gesellschaftliche Missst\u00e4nde anhand des Designs und dem Bau von Miniatur-Dioramen sichtbarer zu machen. Erste Ideen wurden gesammelt und das Projekt befindet sich gerade in der Recherche- und Erprobungsphase. <\/p>\n\n\n\n<p>Gef\u00f6rdert wird das Projekt durch das &#8222;Auf geht\u2019s!&#8220; Stipendienprogramm f\u00fcr freischaffende K\u00fcnstlerinnen und K\u00fcnstler des Ministeriums f\u00fcr Kultur und Wissenschaft des Landes NRW.<\/p>\n\n\n\n<figure class=\"wp-block-gallery has-nested-images columns-default is-cropped wp-block-gallery-1 is-layout-flex wp-block-gallery-is-layout-flex\">\n<figure class=\"wp-block-image size-large is-style-zoooom\"><img loading=\"lazy\" decoding=\"async\" width=\"1024\" height=\"576\" data-id=\"556\" src=\"http:\/\/thomaszigahn.de\/wp-content\/uploads\/2022\/04\/photo_2022-02-28_13-06-00-1-1024x576.jpg\" alt=\"\" class=\"wp-image-556\" srcset=\"https:\/\/thomaszigahn.de\/wp-content\/uploads\/2022\/04\/photo_2022-02-28_13-06-00-1-1024x576.jpg 1024w, https:\/\/thomaszigahn.de\/wp-content\/uploads\/2022\/04\/photo_2022-02-28_13-06-00-1-300x169.jpg 300w, https:\/\/thomaszigahn.de\/wp-content\/uploads\/2022\/04\/photo_2022-02-28_13-06-00-1-768x432.jpg 768w, https:\/\/thomaszigahn.de\/wp-content\/uploads\/2022\/04\/photo_2022-02-28_13-06-00-1.jpg 1280w\" sizes=\"auto, (max-width: 1024px) 100vw, 1024px\" \/><\/figure>\n<\/figure>\n","protected":false},"excerpt":{"rendered":"<p>Seit Anfang 2022 habe ich die Idee gesellschaftliche Missst\u00e4nde anhand des Designs und dem Bau von Miniatur-Dioramen sichtbarer zu machen. Erste Ideen wurden gesammelt und das Projekt befindet sich gerade in der Recherche- und Erprobungsphase. Gef\u00f6rdert wird das Projekt durch das &#8222;Auf geht\u2019s!&#8220; Stipendienprogramm f\u00fcr freischaffende K\u00fcnstlerinnen und K\u00fcnstler des Ministeriums f\u00fcr Kultur und Wissenschaft&hellip;<\/p>\n","protected":false},"author":1,"featured_media":0,"parent":0,"menu_order":0,"comment_status":"closed","ping_status":"closed","template":"","meta":{"_mo_disable_npp":"","footnotes":""},"class_list":["post-553","page","type-page","status-publish","hentry","no-post-thumbnail","post-grid-4-col","entry"],"_links":{"self":[{"href":"https:\/\/thomaszigahn.de\/index.php?rest_route=\/wp\/v2\/pages\/553","targetHints":{"allow":["GET"]}}],"collection":[{"href":"https:\/\/thomaszigahn.de\/index.php?rest_route=\/wp\/v2\/pages"}],"about":[{"href":"https:\/\/thomaszigahn.de\/index.php?rest_route=\/wp\/v2\/types\/page"}],"author":[{"embeddable":true,"href":"https:\/\/thomaszigahn.de\/index.php?rest_route=\/wp\/v2\/users\/1"}],"replies":[{"embeddable":true,"href":"https:\/\/thomaszigahn.de\/index.php?rest_route=%2Fwp%2Fv2%2Fcomments&post=553"}],"version-history":[{"count":2,"href":"https:\/\/thomaszigahn.de\/index.php?rest_route=\/wp\/v2\/pages\/553\/revisions"}],"predecessor-version":[{"id":557,"href":"https:\/\/thomaszigahn.de\/index.php?rest_route=\/wp\/v2\/pages\/553\/revisions\/557"}],"wp:attachment":[{"href":"https:\/\/thomaszigahn.de\/index.php?rest_route=%2Fwp%2Fv2%2Fmedia&parent=553"}],"curies":[{"name":"wp","href":"https:\/\/api.w.org\/{rel}","templated":true}]}}