{"id":176,"date":"2022-02-16T21:15:17","date_gmt":"2022-02-16T21:15:17","guid":{"rendered":"http:\/\/thomaszigahn.de\/?page_id=176"},"modified":"2022-03-17T19:13:54","modified_gmt":"2022-03-17T19:13:54","slug":"kippenstuemmelprojekt","status":"publish","type":"page","link":"https:\/\/thomaszigahn.de\/?page_id=176","title":{"rendered":"Kippenstummelprojekt (2019)"},"content":{"rendered":"\n<p>Im Sommer 2019 haben Dilara Buran und ich diese Skulptur aus alten \u00d6lf\u00e4ssern im \u00f6ffentlichen Raum pr\u00e4sentiert, bis sie entwendet wurde. Es blieb nur die Palette \u00fcbrig.<\/p>\n\n\n\n<figure class=\"wp-block-image size-large is-resized is-style-zoooom\"><a href=\"http:\/\/thomaszigahn.de\/wp-content\/uploads\/2022\/02\/photo_2019-09-16_20-43-00.jpg\"><img loading=\"lazy\" decoding=\"async\" src=\"http:\/\/thomaszigahn.de\/wp-content\/uploads\/2022\/02\/photo_2019-09-16_20-43-00-768x1024.jpg\" alt=\"\" class=\"wp-image-177\" width=\"473\" height=\"631\" srcset=\"https:\/\/thomaszigahn.de\/wp-content\/uploads\/2022\/02\/photo_2019-09-16_20-43-00-768x1024.jpg 768w, https:\/\/thomaszigahn.de\/wp-content\/uploads\/2022\/02\/photo_2019-09-16_20-43-00-225x300.jpg 225w, https:\/\/thomaszigahn.de\/wp-content\/uploads\/2022\/02\/photo_2019-09-16_20-43-00.jpg 960w\" sizes=\"auto, (max-width: 473px) 100vw, 473px\" \/><\/a><\/figure>\n","protected":false},"excerpt":{"rendered":"<p>Im Sommer 2019 haben Dilara Buran und ich diese Skulptur aus alten \u00d6lf\u00e4ssern im \u00f6ffentlichen Raum pr\u00e4sentiert, bis sie entwendet wurde. Es blieb nur die Palette \u00fcbrig.<\/p>\n","protected":false},"author":1,"featured_media":0,"parent":0,"menu_order":0,"comment_status":"closed","ping_status":"closed","template":"","meta":{"_mo_disable_npp":"","footnotes":""},"class_list":["post-176","page","type-page","status-publish","hentry","no-post-thumbnail","post-grid-4-col","entry"],"_links":{"self":[{"href":"https:\/\/thomaszigahn.de\/index.php?rest_route=\/wp\/v2\/pages\/176","targetHints":{"allow":["GET"]}}],"collection":[{"href":"https:\/\/thomaszigahn.de\/index.php?rest_route=\/wp\/v2\/pages"}],"about":[{"href":"https:\/\/thomaszigahn.de\/index.php?rest_route=\/wp\/v2\/types\/page"}],"author":[{"embeddable":true,"href":"https:\/\/thomaszigahn.de\/index.php?rest_route=\/wp\/v2\/users\/1"}],"replies":[{"embeddable":true,"href":"https:\/\/thomaszigahn.de\/index.php?rest_route=%2Fwp%2Fv2%2Fcomments&post=176"}],"version-history":[{"count":8,"href":"https:\/\/thomaszigahn.de\/index.php?rest_route=\/wp\/v2\/pages\/176\/revisions"}],"predecessor-version":[{"id":539,"href":"https:\/\/thomaszigahn.de\/index.php?rest_route=\/wp\/v2\/pages\/176\/revisions\/539"}],"wp:attachment":[{"href":"https:\/\/thomaszigahn.de\/index.php?rest_route=%2Fwp%2Fv2%2Fmedia&parent=176"}],"curies":[{"name":"wp","href":"https:\/\/api.w.org\/{rel}","templated":true}]}}