{"id":30,"date":"2022-02-16T17:54:04","date_gmt":"2022-02-16T17:54:04","guid":{"rendered":"http:\/\/thomaszigahn.de\/?page_id=30"},"modified":"2022-03-17T19:00:28","modified_gmt":"2022-03-17T19:00:28","slug":"unterm-pflaster-der-strand","status":"publish","type":"page","link":"http:\/\/thomaszigahn.de\/?page_id=30","title":{"rendered":"Unterm Pflaster der Strand"},"content":{"rendered":"\n<p>Eigentlich wollte ich doch nur Kunst machen\u2026 Die Beh\u00f6rden, Corona und ich.<\/p>\n\n\n\n<p>Eine collagierte Auseinandersetzung mit all dem Papierkram, der insbesondere seit Beginn der Pandemie auf mich einprasselt und einen Gro\u00dfteil meiner Energie und Zeit bindet.<\/p>\n\n\n\n<p><strong>Verwendete Materialien:<\/strong><\/p>\n\n\n\n<p>Fotos, Originaldokumente, Magazine<\/p>\n\n\n\n<p><strong>Preis und Gr\u00f6\u00dfe:<\/strong><\/p>\n\n\n\n<p>Alle Bilder 32,5cm*24cm &#8211; 100\u20ac pro Bild.<\/p>\n\n\n\n<figure class=\"wp-block-gallery has-nested-images columns-default is-cropped wp-block-gallery-1 is-layout-flex wp-block-gallery-is-layout-flex\">\n<figure class=\"wp-block-image size-large is-style-zoooom\"><a href=\"http:\/\/thomaszigahn.de\/wp-content\/uploads\/2022\/02\/DSC05523-scaled.jpg\"><img loading=\"lazy\" decoding=\"async\" width=\"749\" height=\"1024\" data-id=\"449\" src=\"http:\/\/thomaszigahn.de\/wp-content\/uploads\/2022\/02\/DSC05523-749x1024.jpg\" alt=\"\" class=\"wp-image-449\" srcset=\"http:\/\/thomaszigahn.de\/wp-content\/uploads\/2022\/02\/DSC05523-749x1024.jpg 749w, http:\/\/thomaszigahn.de\/wp-content\/uploads\/2022\/02\/DSC05523-219x300.jpg 219w, http:\/\/thomaszigahn.de\/wp-content\/uploads\/2022\/02\/DSC05523-768x1050.jpg 768w, http:\/\/thomaszigahn.de\/wp-content\/uploads\/2022\/02\/DSC05523-1124x1536.jpg 1124w, http:\/\/thomaszigahn.de\/wp-content\/uploads\/2022\/02\/DSC05523-1498x2048.jpg 1498w, http:\/\/thomaszigahn.de\/wp-content\/uploads\/2022\/02\/DSC05523-scaled.jpg 1873w\" sizes=\"auto, (max-width: 749px) 100vw, 749px\" \/><\/a><\/figure>\n\n\n\n<figure class=\"wp-block-image size-large is-style-zoooom\"><a href=\"http:\/\/thomaszigahn.de\/wp-content\/uploads\/2022\/02\/DSC05517-scaled.jpg\"><img loading=\"lazy\" decoding=\"async\" width=\"762\" height=\"1024\" data-id=\"444\" src=\"http:\/\/thomaszigahn.de\/wp-content\/uploads\/2022\/02\/DSC05517-762x1024.jpg\" alt=\"\" class=\"wp-image-444\" srcset=\"http:\/\/thomaszigahn.de\/wp-content\/uploads\/2022\/02\/DSC05517-762x1024.jpg 762w, http:\/\/thomaszigahn.de\/wp-content\/uploads\/2022\/02\/DSC05517-223x300.jpg 223w, http:\/\/thomaszigahn.de\/wp-content\/uploads\/2022\/02\/DSC05517-768x1032.jpg 768w, http:\/\/thomaszigahn.de\/wp-content\/uploads\/2022\/02\/DSC05517-1143x1536.jpg 1143w, http:\/\/thomaszigahn.de\/wp-content\/uploads\/2022\/02\/DSC05517-1524x2048.jpg 1524w, http:\/\/thomaszigahn.de\/wp-content\/uploads\/2022\/02\/DSC05517-scaled.jpg 1905w\" sizes=\"auto, (max-width: 762px) 100vw, 762px\" \/><\/a><\/figure>\n\n\n\n<figure class=\"wp-block-image size-large is-style-zoooom\"><a href=\"http:\/\/thomaszigahn.de\/wp-content\/uploads\/2022\/02\/DSC05518-scaled.jpg\"><img loading=\"lazy\" decoding=\"async\" width=\"753\" height=\"1024\" data-id=\"446\" src=\"http:\/\/thomaszigahn.de\/wp-content\/uploads\/2022\/02\/DSC05518-753x1024.jpg\" alt=\"\" class=\"wp-image-446\" srcset=\"http:\/\/thomaszigahn.de\/wp-content\/uploads\/2022\/02\/DSC05518-753x1024.jpg 753w, http:\/\/thomaszigahn.de\/wp-content\/uploads\/2022\/02\/DSC05518-221x300.jpg 221w, http:\/\/thomaszigahn.de\/wp-content\/uploads\/2022\/02\/DSC05518-768x1044.jpg 768w, http:\/\/thomaszigahn.de\/wp-content\/uploads\/2022\/02\/DSC05518-1130x1536.jpg 1130w, http:\/\/thomaszigahn.de\/wp-content\/uploads\/2022\/02\/DSC05518-1507x2048.jpg 1507w, http:\/\/thomaszigahn.de\/wp-content\/uploads\/2022\/02\/DSC05518-scaled.jpg 1884w\" sizes=\"auto, (max-width: 753px) 100vw, 753px\" \/><\/a><\/figure>\n\n\n\n<figure class=\"wp-block-image size-large is-style-zoooom\"><a href=\"http:\/\/thomaszigahn.de\/wp-content\/uploads\/2022\/02\/DSC05519-scaled.jpg\"><img loading=\"lazy\" decoding=\"async\" width=\"755\" height=\"1024\" data-id=\"447\" src=\"http:\/\/thomaszigahn.de\/wp-content\/uploads\/2022\/02\/DSC05519-755x1024.jpg\" alt=\"\" class=\"wp-image-447\" srcset=\"http:\/\/thomaszigahn.de\/wp-content\/uploads\/2022\/02\/DSC05519-755x1024.jpg 755w, http:\/\/thomaszigahn.de\/wp-content\/uploads\/2022\/02\/DSC05519-221x300.jpg 221w, http:\/\/thomaszigahn.de\/wp-content\/uploads\/2022\/02\/DSC05519-768x1042.jpg 768w, http:\/\/thomaszigahn.de\/wp-content\/uploads\/2022\/02\/DSC05519-1132x1536.jpg 1132w, http:\/\/thomaszigahn.de\/wp-content\/uploads\/2022\/02\/DSC05519-1510x2048.jpg 1510w, http:\/\/thomaszigahn.de\/wp-content\/uploads\/2022\/02\/DSC05519-scaled.jpg 1887w\" sizes=\"auto, (max-width: 755px) 100vw, 755px\" \/><\/a><\/figure>\n\n\n\n<figure class=\"wp-block-image size-large is-style-zoooom\"><a href=\"http:\/\/thomaszigahn.de\/wp-content\/uploads\/2022\/02\/DSC05520-scaled.jpg\"><img loading=\"lazy\" decoding=\"async\" width=\"1024\" height=\"756\" data-id=\"443\" src=\"http:\/\/thomaszigahn.de\/wp-content\/uploads\/2022\/02\/DSC05520-1024x756.jpg\" alt=\"\" class=\"wp-image-443\" srcset=\"http:\/\/thomaszigahn.de\/wp-content\/uploads\/2022\/02\/DSC05520-1024x756.jpg 1024w, http:\/\/thomaszigahn.de\/wp-content\/uploads\/2022\/02\/DSC05520-300x222.jpg 300w, http:\/\/thomaszigahn.de\/wp-content\/uploads\/2022\/02\/DSC05520-768x567.jpg 768w, http:\/\/thomaszigahn.de\/wp-content\/uploads\/2022\/02\/DSC05520-1536x1134.jpg 1536w, http:\/\/thomaszigahn.de\/wp-content\/uploads\/2022\/02\/DSC05520-2048x1512.jpg 2048w\" sizes=\"auto, (max-width: 1024px) 100vw, 1024px\" \/><\/a><\/figure>\n\n\n\n<figure class=\"wp-block-image size-large is-style-zoooom\"><a href=\"http:\/\/thomaszigahn.de\/wp-content\/uploads\/2022\/02\/DSC05521-scaled.jpg\"><img loading=\"lazy\" decoding=\"async\" width=\"741\" height=\"1024\" data-id=\"448\" src=\"http:\/\/thomaszigahn.de\/wp-content\/uploads\/2022\/02\/DSC05521-741x1024.jpg\" alt=\"\" class=\"wp-image-448\" srcset=\"http:\/\/thomaszigahn.de\/wp-content\/uploads\/2022\/02\/DSC05521-741x1024.jpg 741w, http:\/\/thomaszigahn.de\/wp-content\/uploads\/2022\/02\/DSC05521-217x300.jpg 217w, http:\/\/thomaszigahn.de\/wp-content\/uploads\/2022\/02\/DSC05521-768x1061.jpg 768w, http:\/\/thomaszigahn.de\/wp-content\/uploads\/2022\/02\/DSC05521-1112x1536.jpg 1112w, http:\/\/thomaszigahn.de\/wp-content\/uploads\/2022\/02\/DSC05521-1482x2048.jpg 1482w, http:\/\/thomaszigahn.de\/wp-content\/uploads\/2022\/02\/DSC05521-scaled.jpg 1853w\" sizes=\"auto, (max-width: 741px) 100vw, 741px\" \/><\/a><\/figure>\n\n\n\n<figure class=\"wp-block-image size-large is-style-zoooom\"><a href=\"http:\/\/thomaszigahn.de\/wp-content\/uploads\/2022\/02\/DSC05522-scaled.jpg\"><img loading=\"lazy\" decoding=\"async\" width=\"778\" height=\"1024\" data-id=\"450\" src=\"http:\/\/thomaszigahn.de\/wp-content\/uploads\/2022\/02\/DSC05522-778x1024.jpg\" alt=\"\" class=\"wp-image-450\" srcset=\"http:\/\/thomaszigahn.de\/wp-content\/uploads\/2022\/02\/DSC05522-778x1024.jpg 778w, http:\/\/thomaszigahn.de\/wp-content\/uploads\/2022\/02\/DSC05522-228x300.jpg 228w, http:\/\/thomaszigahn.de\/wp-content\/uploads\/2022\/02\/DSC05522-768x1011.jpg 768w, http:\/\/thomaszigahn.de\/wp-content\/uploads\/2022\/02\/DSC05522-1167x1536.jpg 1167w, http:\/\/thomaszigahn.de\/wp-content\/uploads\/2022\/02\/DSC05522-1556x2048.jpg 1556w, http:\/\/thomaszigahn.de\/wp-content\/uploads\/2022\/02\/DSC05522-scaled.jpg 1945w\" sizes=\"auto, (max-width: 778px) 100vw, 778px\" \/><\/a><\/figure>\n\n\n\n<figure class=\"wp-block-image size-large is-style-zoooom\"><a href=\"http:\/\/thomaszigahn.de\/wp-content\/uploads\/2022\/02\/DSC05524-scaled.jpg\"><img loading=\"lazy\" decoding=\"async\" width=\"1024\" height=\"743\" data-id=\"453\" src=\"http:\/\/thomaszigahn.de\/wp-content\/uploads\/2022\/02\/DSC05524-1024x743.jpg\" alt=\"\" class=\"wp-image-453\" srcset=\"http:\/\/thomaszigahn.de\/wp-content\/uploads\/2022\/02\/DSC05524-1024x743.jpg 1024w, http:\/\/thomaszigahn.de\/wp-content\/uploads\/2022\/02\/DSC05524-300x218.jpg 300w, http:\/\/thomaszigahn.de\/wp-content\/uploads\/2022\/02\/DSC05524-768x558.jpg 768w, http:\/\/thomaszigahn.de\/wp-content\/uploads\/2022\/02\/DSC05524-1536x1115.jpg 1536w, http:\/\/thomaszigahn.de\/wp-content\/uploads\/2022\/02\/DSC05524-2048x1487.jpg 2048w\" sizes=\"auto, (max-width: 1024px) 100vw, 1024px\" \/><\/a><\/figure>\n\n\n\n<figure class=\"wp-block-image size-large is-style-zoooom\"><a href=\"http:\/\/thomaszigahn.de\/wp-content\/uploads\/2022\/02\/DSC05525-scaled.jpg\"><img loading=\"lazy\" decoding=\"async\" width=\"1024\" height=\"754\" data-id=\"451\" src=\"http:\/\/thomaszigahn.de\/wp-content\/uploads\/2022\/02\/DSC05525-1024x754.jpg\" alt=\"\" class=\"wp-image-451\" srcset=\"http:\/\/thomaszigahn.de\/wp-content\/uploads\/2022\/02\/DSC05525-1024x754.jpg 1024w, http:\/\/thomaszigahn.de\/wp-content\/uploads\/2022\/02\/DSC05525-300x221.jpg 300w, http:\/\/thomaszigahn.de\/wp-content\/uploads\/2022\/02\/DSC05525-768x566.jpg 768w, http:\/\/thomaszigahn.de\/wp-content\/uploads\/2022\/02\/DSC05525-1536x1131.jpg 1536w, http:\/\/thomaszigahn.de\/wp-content\/uploads\/2022\/02\/DSC05525-2048x1508.jpg 2048w\" sizes=\"auto, (max-width: 1024px) 100vw, 1024px\" \/><\/a><\/figure>\n\n\n\n<figure class=\"wp-block-image size-large is-style-zoooom\"><a href=\"http:\/\/thomaszigahn.de\/wp-content\/uploads\/2022\/02\/DSC05526-scaled.jpg\"><img loading=\"lazy\" decoding=\"async\" width=\"766\" height=\"1024\" data-id=\"452\" src=\"http:\/\/thomaszigahn.de\/wp-content\/uploads\/2022\/02\/DSC05526-766x1024.jpg\" alt=\"\" class=\"wp-image-452\" srcset=\"http:\/\/thomaszigahn.de\/wp-content\/uploads\/2022\/02\/DSC05526-766x1024.jpg 766w, http:\/\/thomaszigahn.de\/wp-content\/uploads\/2022\/02\/DSC05526-225x300.jpg 225w, http:\/\/thomaszigahn.de\/wp-content\/uploads\/2022\/02\/DSC05526-768x1026.jpg 768w, http:\/\/thomaszigahn.de\/wp-content\/uploads\/2022\/02\/DSC05526-1150x1536.jpg 1150w, http:\/\/thomaszigahn.de\/wp-content\/uploads\/2022\/02\/DSC05526-1533x2048.jpg 1533w, http:\/\/thomaszigahn.de\/wp-content\/uploads\/2022\/02\/DSC05526-scaled.jpg 1916w\" sizes=\"auto, (max-width: 766px) 100vw, 766px\" \/><\/a><\/figure>\n\n\n\n<figure class=\"wp-block-image size-large is-style-zoooom\"><a href=\"http:\/\/thomaszigahn.de\/wp-content\/uploads\/2022\/02\/DSC05527-scaled.jpg\"><img loading=\"lazy\" decoding=\"async\" width=\"747\" height=\"1024\" data-id=\"454\" src=\"http:\/\/thomaszigahn.de\/wp-content\/uploads\/2022\/02\/DSC05527-747x1024.jpg\" alt=\"\" class=\"wp-image-454\" srcset=\"http:\/\/thomaszigahn.de\/wp-content\/uploads\/2022\/02\/DSC05527-747x1024.jpg 747w, http:\/\/thomaszigahn.de\/wp-content\/uploads\/2022\/02\/DSC05527-219x300.jpg 219w, http:\/\/thomaszigahn.de\/wp-content\/uploads\/2022\/02\/DSC05527-768x1053.jpg 768w, http:\/\/thomaszigahn.de\/wp-content\/uploads\/2022\/02\/DSC05527-1121x1536.jpg 1121w, http:\/\/thomaszigahn.de\/wp-content\/uploads\/2022\/02\/DSC05527-1494x2048.jpg 1494w, http:\/\/thomaszigahn.de\/wp-content\/uploads\/2022\/02\/DSC05527-scaled.jpg 1868w\" sizes=\"auto, (max-width: 747px) 100vw, 747px\" \/><\/a><\/figure>\n\n\n\n<figure class=\"wp-block-image size-large is-style-zoooom\"><a href=\"http:\/\/thomaszigahn.de\/wp-content\/uploads\/2022\/02\/DSC05528-scaled.jpg\"><img loading=\"lazy\" decoding=\"async\" width=\"756\" height=\"1024\" data-id=\"455\" src=\"http:\/\/thomaszigahn.de\/wp-content\/uploads\/2022\/02\/DSC05528-756x1024.jpg\" alt=\"\" class=\"wp-image-455\" srcset=\"http:\/\/thomaszigahn.de\/wp-content\/uploads\/2022\/02\/DSC05528-756x1024.jpg 756w, http:\/\/thomaszigahn.de\/wp-content\/uploads\/2022\/02\/DSC05528-221x300.jpg 221w, http:\/\/thomaszigahn.de\/wp-content\/uploads\/2022\/02\/DSC05528-768x1040.jpg 768w, http:\/\/thomaszigahn.de\/wp-content\/uploads\/2022\/02\/DSC05528-1134x1536.jpg 1134w, http:\/\/thomaszigahn.de\/wp-content\/uploads\/2022\/02\/DSC05528-1512x2048.jpg 1512w, http:\/\/thomaszigahn.de\/wp-content\/uploads\/2022\/02\/DSC05528-scaled.jpg 1890w\" sizes=\"auto, (max-width: 756px) 100vw, 756px\" \/><\/a><\/figure>\n<\/figure>\n","protected":false},"excerpt":{"rendered":"<p>Eigentlich wollte ich doch nur Kunst machen\u2026 Die Beh\u00f6rden, Corona und ich. Eine collagierte Auseinandersetzung mit all dem Papierkram, der insbesondere seit Beginn der Pandemie auf mich einprasselt und einen Gro\u00dfteil meiner Energie und Zeit bindet. Verwendete Materialien: Fotos, Originaldokumente, Magazine Preis und Gr\u00f6\u00dfe: Alle Bilder 32,5cm*24cm &#8211; 100\u20ac pro Bild.<\/p>\n","protected":false},"author":1,"featured_media":0,"parent":0,"menu_order":0,"comment_status":"closed","ping_status":"closed","template":"","meta":{"_mo_disable_npp":"","footnotes":""},"class_list":["post-30","page","type-page","status-publish","hentry","no-post-thumbnail","post-grid-4-col","entry"],"_links":{"self":[{"href":"http:\/\/thomaszigahn.de\/index.php?rest_route=\/wp\/v2\/pages\/30","targetHints":{"allow":["GET"]}}],"collection":[{"href":"http:\/\/thomaszigahn.de\/index.php?rest_route=\/wp\/v2\/pages"}],"about":[{"href":"http:\/\/thomaszigahn.de\/index.php?rest_route=\/wp\/v2\/types\/page"}],"author":[{"embeddable":true,"href":"http:\/\/thomaszigahn.de\/index.php?rest_route=\/wp\/v2\/users\/1"}],"replies":[{"embeddable":true,"href":"http:\/\/thomaszigahn.de\/index.php?rest_route=%2Fwp%2Fv2%2Fcomments&post=30"}],"version-history":[{"count":9,"href":"http:\/\/thomaszigahn.de\/index.php?rest_route=\/wp\/v2\/pages\/30\/revisions"}],"predecessor-version":[{"id":523,"href":"http:\/\/thomaszigahn.de\/index.php?rest_route=\/wp\/v2\/pages\/30\/revisions\/523"}],"wp:attachment":[{"href":"http:\/\/thomaszigahn.de\/index.php?rest_route=%2Fwp%2Fv2%2Fmedia&parent=30"}],"curies":[{"name":"wp","href":"https:\/\/api.w.org\/{rel}","templated":true}]}}