{"id":193,"date":"2022-02-16T21:43:38","date_gmt":"2022-02-16T21:43:38","guid":{"rendered":"http:\/\/thomaszigahn.de\/?page_id=193"},"modified":"2022-03-17T19:11:19","modified_gmt":"2022-03-17T19:11:19","slug":"kuenstlich-hildesheim-2020","status":"publish","type":"page","link":"http:\/\/thomaszigahn.de\/?page_id=193","title":{"rendered":"K\u00fcnstlich Hildesheim (2021)"},"content":{"rendered":"\n<p>Von November bis Dezember 2021 habe ich zusammen mit Elisabeth Kr\u00fcger einen Kunst \u2013 Pop-Up-Store in Hildesheim betrieben. Die Leerstandsnutzung entstand in Zusammenarbeit mit der Stadt Hildesheim und wir konnten im K\u00fcnstlich 15 K\u00fcnstler*innen die M\u00f6glichkeit bieten, trotz der Pandemie ihre Werke einer \u00d6ffentlichkeit zu pr\u00e4sentieren. Ich war als Organisator und Aussteller viel selbst vor Ort.<\/p>\n\n\n\n<p>Hier ein paar Fotoeindr\u00fccke:<\/p>\n\n\n\n<figure class=\"wp-block-gallery has-nested-images columns-default is-cropped wp-block-gallery-1 is-layout-flex wp-block-gallery-is-layout-flex\">\n<figure class=\"wp-block-image size-large\"><a href=\"http:\/\/thomaszigahn.de\/wp-content\/uploads\/2022\/02\/photo_2021-11-14_20-56-06.jpg\"><img loading=\"lazy\" decoding=\"async\" width=\"1024\" height=\"768\" data-id=\"200\" src=\"http:\/\/thomaszigahn.de\/wp-content\/uploads\/2022\/02\/photo_2021-11-14_20-56-06-1024x768.jpg\" alt=\"\" class=\"wp-image-200\" srcset=\"http:\/\/thomaszigahn.de\/wp-content\/uploads\/2022\/02\/photo_2021-11-14_20-56-06-1024x768.jpg 1024w, http:\/\/thomaszigahn.de\/wp-content\/uploads\/2022\/02\/photo_2021-11-14_20-56-06-300x225.jpg 300w, http:\/\/thomaszigahn.de\/wp-content\/uploads\/2022\/02\/photo_2021-11-14_20-56-06-768x576.jpg 768w, http:\/\/thomaszigahn.de\/wp-content\/uploads\/2022\/02\/photo_2021-11-14_20-56-06.jpg 1280w\" sizes=\"auto, (max-width: 1024px) 100vw, 1024px\" \/><\/a><\/figure>\n\n\n\n<figure class=\"wp-block-image size-large\"><a href=\"http:\/\/thomaszigahn.de\/wp-content\/uploads\/2022\/02\/photo_2021-11-14_20-55-43.jpg\"><img loading=\"lazy\" decoding=\"async\" width=\"1024\" height=\"768\" data-id=\"197\" src=\"http:\/\/thomaszigahn.de\/wp-content\/uploads\/2022\/02\/photo_2021-11-14_20-55-43-1024x768.jpg\" alt=\"\" class=\"wp-image-197\" srcset=\"http:\/\/thomaszigahn.de\/wp-content\/uploads\/2022\/02\/photo_2021-11-14_20-55-43-1024x768.jpg 1024w, http:\/\/thomaszigahn.de\/wp-content\/uploads\/2022\/02\/photo_2021-11-14_20-55-43-300x225.jpg 300w, http:\/\/thomaszigahn.de\/wp-content\/uploads\/2022\/02\/photo_2021-11-14_20-55-43-768x576.jpg 768w, http:\/\/thomaszigahn.de\/wp-content\/uploads\/2022\/02\/photo_2021-11-14_20-55-43.jpg 1280w\" sizes=\"auto, (max-width: 1024px) 100vw, 1024px\" \/><\/a><\/figure>\n\n\n\n<figure class=\"wp-block-image size-large\"><a href=\"http:\/\/thomaszigahn.de\/wp-content\/uploads\/2022\/02\/photo_2021-11-14_20-55-46.jpg\"><img loading=\"lazy\" decoding=\"async\" width=\"1024\" height=\"768\" data-id=\"194\" src=\"http:\/\/thomaszigahn.de\/wp-content\/uploads\/2022\/02\/photo_2021-11-14_20-55-46-1024x768.jpg\" alt=\"\" class=\"wp-image-194\" srcset=\"http:\/\/thomaszigahn.de\/wp-content\/uploads\/2022\/02\/photo_2021-11-14_20-55-46-1024x768.jpg 1024w, http:\/\/thomaszigahn.de\/wp-content\/uploads\/2022\/02\/photo_2021-11-14_20-55-46-300x225.jpg 300w, http:\/\/thomaszigahn.de\/wp-content\/uploads\/2022\/02\/photo_2021-11-14_20-55-46-768x576.jpg 768w, http:\/\/thomaszigahn.de\/wp-content\/uploads\/2022\/02\/photo_2021-11-14_20-55-46.jpg 1280w\" sizes=\"auto, (max-width: 1024px) 100vw, 1024px\" \/><\/a><\/figure>\n\n\n\n<figure class=\"wp-block-image size-large\"><a href=\"http:\/\/thomaszigahn.de\/wp-content\/uploads\/2022\/02\/photo_2021-11-14_20-55-50.jpg\"><img loading=\"lazy\" decoding=\"async\" width=\"768\" height=\"1024\" data-id=\"195\" src=\"http:\/\/thomaszigahn.de\/wp-content\/uploads\/2022\/02\/photo_2021-11-14_20-55-50-768x1024.jpg\" alt=\"\" class=\"wp-image-195\" srcset=\"http:\/\/thomaszigahn.de\/wp-content\/uploads\/2022\/02\/photo_2021-11-14_20-55-50-768x1024.jpg 768w, http:\/\/thomaszigahn.de\/wp-content\/uploads\/2022\/02\/photo_2021-11-14_20-55-50-225x300.jpg 225w, http:\/\/thomaszigahn.de\/wp-content\/uploads\/2022\/02\/photo_2021-11-14_20-55-50.jpg 960w\" sizes=\"auto, (max-width: 768px) 100vw, 768px\" \/><\/a><\/figure>\n\n\n\n<figure class=\"wp-block-image size-large\"><a href=\"http:\/\/thomaszigahn.de\/wp-content\/uploads\/2022\/02\/photo_2021-11-14_20-55-57.jpg\"><img loading=\"lazy\" decoding=\"async\" width=\"1024\" height=\"768\" data-id=\"199\" src=\"http:\/\/thomaszigahn.de\/wp-content\/uploads\/2022\/02\/photo_2021-11-14_20-55-57-1024x768.jpg\" alt=\"\" class=\"wp-image-199\" srcset=\"http:\/\/thomaszigahn.de\/wp-content\/uploads\/2022\/02\/photo_2021-11-14_20-55-57-1024x768.jpg 1024w, http:\/\/thomaszigahn.de\/wp-content\/uploads\/2022\/02\/photo_2021-11-14_20-55-57-300x225.jpg 300w, http:\/\/thomaszigahn.de\/wp-content\/uploads\/2022\/02\/photo_2021-11-14_20-55-57-768x576.jpg 768w, http:\/\/thomaszigahn.de\/wp-content\/uploads\/2022\/02\/photo_2021-11-14_20-55-57.jpg 1280w\" sizes=\"auto, (max-width: 1024px) 100vw, 1024px\" \/><\/a><\/figure>\n\n\n\n<figure class=\"wp-block-image size-large\"><a href=\"http:\/\/thomaszigahn.de\/wp-content\/uploads\/2022\/02\/photo_2021-11-14_20-56-00.jpg\"><img loading=\"lazy\" decoding=\"async\" width=\"1024\" height=\"768\" data-id=\"204\" src=\"http:\/\/thomaszigahn.de\/wp-content\/uploads\/2022\/02\/photo_2021-11-14_20-56-00-1024x768.jpg\" alt=\"\" class=\"wp-image-204\" srcset=\"http:\/\/thomaszigahn.de\/wp-content\/uploads\/2022\/02\/photo_2021-11-14_20-56-00-1024x768.jpg 1024w, http:\/\/thomaszigahn.de\/wp-content\/uploads\/2022\/02\/photo_2021-11-14_20-56-00-300x225.jpg 300w, http:\/\/thomaszigahn.de\/wp-content\/uploads\/2022\/02\/photo_2021-11-14_20-56-00-768x576.jpg 768w, http:\/\/thomaszigahn.de\/wp-content\/uploads\/2022\/02\/photo_2021-11-14_20-56-00.jpg 1280w\" sizes=\"auto, (max-width: 1024px) 100vw, 1024px\" \/><\/a><\/figure>\n\n\n\n<figure class=\"wp-block-image size-large\"><a href=\"http:\/\/thomaszigahn.de\/wp-content\/uploads\/2022\/02\/photo_2021-11-14_20-56-03.jpg\"><img loading=\"lazy\" decoding=\"async\" width=\"768\" height=\"1024\" data-id=\"205\" src=\"http:\/\/thomaszigahn.de\/wp-content\/uploads\/2022\/02\/photo_2021-11-14_20-56-03-768x1024.jpg\" alt=\"\" class=\"wp-image-205\" srcset=\"http:\/\/thomaszigahn.de\/wp-content\/uploads\/2022\/02\/photo_2021-11-14_20-56-03-768x1024.jpg 768w, http:\/\/thomaszigahn.de\/wp-content\/uploads\/2022\/02\/photo_2021-11-14_20-56-03-225x300.jpg 225w, http:\/\/thomaszigahn.de\/wp-content\/uploads\/2022\/02\/photo_2021-11-14_20-56-03.jpg 960w\" sizes=\"auto, (max-width: 768px) 100vw, 768px\" \/><\/a><\/figure>\n\n\n\n<figure class=\"wp-block-image size-large\"><a href=\"http:\/\/thomaszigahn.de\/wp-content\/uploads\/2022\/02\/photo_2021-11-14_20-55-28.jpg\"><img loading=\"lazy\" decoding=\"async\" width=\"1024\" height=\"768\" data-id=\"198\" src=\"http:\/\/thomaszigahn.de\/wp-content\/uploads\/2022\/02\/photo_2021-11-14_20-55-28-1024x768.jpg\" alt=\"\" class=\"wp-image-198\" srcset=\"http:\/\/thomaszigahn.de\/wp-content\/uploads\/2022\/02\/photo_2021-11-14_20-55-28-1024x768.jpg 1024w, http:\/\/thomaszigahn.de\/wp-content\/uploads\/2022\/02\/photo_2021-11-14_20-55-28-300x225.jpg 300w, http:\/\/thomaszigahn.de\/wp-content\/uploads\/2022\/02\/photo_2021-11-14_20-55-28-768x576.jpg 768w, http:\/\/thomaszigahn.de\/wp-content\/uploads\/2022\/02\/photo_2021-11-14_20-55-28.jpg 1280w\" sizes=\"auto, (max-width: 1024px) 100vw, 1024px\" \/><\/a><\/figure>\n\n\n\n<figure class=\"wp-block-image size-large\"><a href=\"http:\/\/thomaszigahn.de\/wp-content\/uploads\/2022\/02\/photo_2021-11-14_20-56-10.jpg\"><img loading=\"lazy\" decoding=\"async\" width=\"768\" height=\"1024\" data-id=\"201\" src=\"http:\/\/thomaszigahn.de\/wp-content\/uploads\/2022\/02\/photo_2021-11-14_20-56-10-768x1024.jpg\" alt=\"\" class=\"wp-image-201\" srcset=\"http:\/\/thomaszigahn.de\/wp-content\/uploads\/2022\/02\/photo_2021-11-14_20-56-10-768x1024.jpg 768w, http:\/\/thomaszigahn.de\/wp-content\/uploads\/2022\/02\/photo_2021-11-14_20-56-10-225x300.jpg 225w, http:\/\/thomaszigahn.de\/wp-content\/uploads\/2022\/02\/photo_2021-11-14_20-56-10.jpg 960w\" sizes=\"auto, (max-width: 768px) 100vw, 768px\" \/><\/a><\/figure>\n\n\n\n<figure class=\"wp-block-image size-large\"><a href=\"http:\/\/thomaszigahn.de\/wp-content\/uploads\/2022\/02\/photo_2021-11-14_20-56-13.jpg\"><img loading=\"lazy\" decoding=\"async\" width=\"1024\" height=\"768\" data-id=\"203\" src=\"http:\/\/thomaszigahn.de\/wp-content\/uploads\/2022\/02\/photo_2021-11-14_20-56-13-1024x768.jpg\" alt=\"\" class=\"wp-image-203\" srcset=\"http:\/\/thomaszigahn.de\/wp-content\/uploads\/2022\/02\/photo_2021-11-14_20-56-13-1024x768.jpg 1024w, http:\/\/thomaszigahn.de\/wp-content\/uploads\/2022\/02\/photo_2021-11-14_20-56-13-300x225.jpg 300w, http:\/\/thomaszigahn.de\/wp-content\/uploads\/2022\/02\/photo_2021-11-14_20-56-13-768x576.jpg 768w, http:\/\/thomaszigahn.de\/wp-content\/uploads\/2022\/02\/photo_2021-11-14_20-56-13.jpg 1280w\" sizes=\"auto, (max-width: 1024px) 100vw, 1024px\" \/><\/a><\/figure>\n\n\n\n<figure class=\"wp-block-image size-large\"><a href=\"http:\/\/thomaszigahn.de\/wp-content\/uploads\/2022\/02\/photo_2021-11-14_20-56-19.jpg\"><img loading=\"lazy\" decoding=\"async\" width=\"1024\" height=\"768\" data-id=\"202\" src=\"http:\/\/thomaszigahn.de\/wp-content\/uploads\/2022\/02\/photo_2021-11-14_20-56-19-1024x768.jpg\" alt=\"\" class=\"wp-image-202\" srcset=\"http:\/\/thomaszigahn.de\/wp-content\/uploads\/2022\/02\/photo_2021-11-14_20-56-19-1024x768.jpg 1024w, http:\/\/thomaszigahn.de\/wp-content\/uploads\/2022\/02\/photo_2021-11-14_20-56-19-300x225.jpg 300w, http:\/\/thomaszigahn.de\/wp-content\/uploads\/2022\/02\/photo_2021-11-14_20-56-19-768x576.jpg 768w, http:\/\/thomaszigahn.de\/wp-content\/uploads\/2022\/02\/photo_2021-11-14_20-56-19.jpg 1280w\" sizes=\"auto, (max-width: 1024px) 100vw, 1024px\" \/><\/a><\/figure>\n\n\n\n<figure class=\"wp-block-image size-large\"><a href=\"http:\/\/thomaszigahn.de\/wp-content\/uploads\/2022\/02\/photo_2021-11-14_20-56-22.jpg\"><img loading=\"lazy\" decoding=\"async\" width=\"1024\" height=\"768\" data-id=\"206\" src=\"http:\/\/thomaszigahn.de\/wp-content\/uploads\/2022\/02\/photo_2021-11-14_20-56-22-1024x768.jpg\" alt=\"\" class=\"wp-image-206\" srcset=\"http:\/\/thomaszigahn.de\/wp-content\/uploads\/2022\/02\/photo_2021-11-14_20-56-22-1024x768.jpg 1024w, http:\/\/thomaszigahn.de\/wp-content\/uploads\/2022\/02\/photo_2021-11-14_20-56-22-300x225.jpg 300w, http:\/\/thomaszigahn.de\/wp-content\/uploads\/2022\/02\/photo_2021-11-14_20-56-22-768x576.jpg 768w, http:\/\/thomaszigahn.de\/wp-content\/uploads\/2022\/02\/photo_2021-11-14_20-56-22.jpg 1280w\" sizes=\"auto, (max-width: 1024px) 100vw, 1024px\" \/><\/a><\/figure>\n\n\n\n<figure class=\"wp-block-image size-large\"><a href=\"http:\/\/thomaszigahn.de\/wp-content\/uploads\/2022\/02\/photo_2021-11-14_20-56-25.jpg\"><img loading=\"lazy\" decoding=\"async\" width=\"1024\" height=\"768\" data-id=\"207\" src=\"http:\/\/thomaszigahn.de\/wp-content\/uploads\/2022\/02\/photo_2021-11-14_20-56-25-1024x768.jpg\" alt=\"\" class=\"wp-image-207\" srcset=\"http:\/\/thomaszigahn.de\/wp-content\/uploads\/2022\/02\/photo_2021-11-14_20-56-25-1024x768.jpg 1024w, http:\/\/thomaszigahn.de\/wp-content\/uploads\/2022\/02\/photo_2021-11-14_20-56-25-300x225.jpg 300w, http:\/\/thomaszigahn.de\/wp-content\/uploads\/2022\/02\/photo_2021-11-14_20-56-25-768x576.jpg 768w, http:\/\/thomaszigahn.de\/wp-content\/uploads\/2022\/02\/photo_2021-11-14_20-56-25.jpg 1280w\" sizes=\"auto, (max-width: 1024px) 100vw, 1024px\" \/><\/a><\/figure>\n\n\n\n<figure class=\"wp-block-image size-large\"><a href=\"http:\/\/thomaszigahn.de\/wp-content\/uploads\/2022\/02\/photo_2021-11-14_20-56-28.jpg\"><img loading=\"lazy\" decoding=\"async\" width=\"1024\" height=\"768\" data-id=\"209\" src=\"http:\/\/thomaszigahn.de\/wp-content\/uploads\/2022\/02\/photo_2021-11-14_20-56-28-1024x768.jpg\" alt=\"\" class=\"wp-image-209\" srcset=\"http:\/\/thomaszigahn.de\/wp-content\/uploads\/2022\/02\/photo_2021-11-14_20-56-28-1024x768.jpg 1024w, http:\/\/thomaszigahn.de\/wp-content\/uploads\/2022\/02\/photo_2021-11-14_20-56-28-300x225.jpg 300w, http:\/\/thomaszigahn.de\/wp-content\/uploads\/2022\/02\/photo_2021-11-14_20-56-28-768x576.jpg 768w, http:\/\/thomaszigahn.de\/wp-content\/uploads\/2022\/02\/photo_2021-11-14_20-56-28.jpg 1280w\" sizes=\"auto, (max-width: 1024px) 100vw, 1024px\" \/><\/a><\/figure>\n\n\n\n<figure class=\"wp-block-image size-large\"><a href=\"http:\/\/thomaszigahn.de\/wp-content\/uploads\/2022\/02\/photo_2021-11-14_20-56-32.jpg\"><img loading=\"lazy\" decoding=\"async\" width=\"1024\" height=\"768\" data-id=\"208\" src=\"http:\/\/thomaszigahn.de\/wp-content\/uploads\/2022\/02\/photo_2021-11-14_20-56-32-1024x768.jpg\" alt=\"\" class=\"wp-image-208\" srcset=\"http:\/\/thomaszigahn.de\/wp-content\/uploads\/2022\/02\/photo_2021-11-14_20-56-32-1024x768.jpg 1024w, http:\/\/thomaszigahn.de\/wp-content\/uploads\/2022\/02\/photo_2021-11-14_20-56-32-300x225.jpg 300w, http:\/\/thomaszigahn.de\/wp-content\/uploads\/2022\/02\/photo_2021-11-14_20-56-32-768x576.jpg 768w, http:\/\/thomaszigahn.de\/wp-content\/uploads\/2022\/02\/photo_2021-11-14_20-56-32.jpg 1280w\" sizes=\"auto, (max-width: 1024px) 100vw, 1024px\" \/><\/a><\/figure>\n<\/figure>\n","protected":false},"excerpt":{"rendered":"<p>Von November bis Dezember 2021 habe ich zusammen mit Elisabeth Kr\u00fcger einen Kunst \u2013 Pop-Up-Store in Hildesheim betrieben. Die Leerstandsnutzung entstand in Zusammenarbeit mit der Stadt Hildesheim und wir konnten im K\u00fcnstlich 15 K\u00fcnstler*innen die M\u00f6glichkeit bieten, trotz der Pandemie ihre Werke einer \u00d6ffentlichkeit zu pr\u00e4sentieren. Ich war als Organisator und Aussteller viel selbst vor&hellip;<\/p>\n","protected":false},"author":1,"featured_media":0,"parent":0,"menu_order":0,"comment_status":"closed","ping_status":"closed","template":"","meta":{"_mo_disable_npp":"","footnotes":""},"class_list":["post-193","page","type-page","status-publish","hentry","no-post-thumbnail","post-grid-4-col","entry"],"_links":{"self":[{"href":"http:\/\/thomaszigahn.de\/index.php?rest_route=\/wp\/v2\/pages\/193","targetHints":{"allow":["GET"]}}],"collection":[{"href":"http:\/\/thomaszigahn.de\/index.php?rest_route=\/wp\/v2\/pages"}],"about":[{"href":"http:\/\/thomaszigahn.de\/index.php?rest_route=\/wp\/v2\/types\/page"}],"author":[{"embeddable":true,"href":"http:\/\/thomaszigahn.de\/index.php?rest_route=\/wp\/v2\/users\/1"}],"replies":[{"embeddable":true,"href":"http:\/\/thomaszigahn.de\/index.php?rest_route=%2Fwp%2Fv2%2Fcomments&post=193"}],"version-history":[{"count":4,"href":"http:\/\/thomaszigahn.de\/index.php?rest_route=\/wp\/v2\/pages\/193\/revisions"}],"predecessor-version":[{"id":535,"href":"http:\/\/thomaszigahn.de\/index.php?rest_route=\/wp\/v2\/pages\/193\/revisions\/535"}],"wp:attachment":[{"href":"http:\/\/thomaszigahn.de\/index.php?rest_route=%2Fwp%2Fv2%2Fmedia&parent=193"}],"curies":[{"name":"wp","href":"https:\/\/api.w.org\/{rel}","templated":true}]}}