{"id":161,"date":"2022-02-16T20:47:22","date_gmt":"2022-02-16T20:47:22","guid":{"rendered":"http:\/\/thomaszigahn.de\/?page_id=161"},"modified":"2022-03-17T19:02:27","modified_gmt":"2022-03-17T19:02:27","slug":"diverses","status":"publish","type":"page","link":"http:\/\/thomaszigahn.de\/?page_id=161","title":{"rendered":"Diverses"},"content":{"rendered":"\n<p>Einzelst\u00fccke, die keiner Serie angeh\u00f6ren.<\/p>\n\n\n\n<hr class=\"wp-block-separator\"\/>\n\n\n\n<div class=\"wp-block-media-text alignwide is-stacked-on-mobile\"><figure class=\"wp-block-media-text__media\"><a href=\"http:\/\/thomaszigahn.de\/wp-content\/uploads\/2022\/02\/Post-Wert-Zeichen-01.jpg\"><img loading=\"lazy\" decoding=\"async\" width=\"1024\" height=\"683\" src=\"http:\/\/thomaszigahn.de\/wp-content\/uploads\/2022\/02\/Post-Wert-Zeichen-01-1024x683.jpg\" alt=\"\" class=\"wp-image-162 size-full\" srcset=\"http:\/\/thomaszigahn.de\/wp-content\/uploads\/2022\/02\/Post-Wert-Zeichen-01-1024x683.jpg 1024w, http:\/\/thomaszigahn.de\/wp-content\/uploads\/2022\/02\/Post-Wert-Zeichen-01-300x200.jpg 300w, http:\/\/thomaszigahn.de\/wp-content\/uploads\/2022\/02\/Post-Wert-Zeichen-01-768x512.jpg 768w, http:\/\/thomaszigahn.de\/wp-content\/uploads\/2022\/02\/Post-Wert-Zeichen-01.jpg 1200w\" sizes=\"auto, (max-width: 1024px) 100vw, 1024px\" \/><\/a><\/figure><div class=\"wp-block-media-text__content\">\n<h1 class=\"wp-block-heading\" id=\"die-spinner\">Die Spinner<\/h1>\n\n\n\n<p>********************************<\/p>\n\n\n\n<p>Collage aus gefundenem Bild und<\/p>\n\n\n\n<p>diversen Asterix &amp; Obelix &#8211; Comics<\/p>\n\n\n\n<p>********************************<\/p>\n\n\n\n<p><strong>Gr\u00f6\u00dfe:<\/strong> 67cm*57cm<\/p>\n\n\n\n<p><strong>Preis:<\/strong> 150,00\u20ac<\/p>\n<\/div><\/div>\n\n\n\n<hr class=\"wp-block-separator\"\/>\n\n\n\n<div class=\"wp-block-media-text alignwide has-media-on-the-right is-stacked-on-mobile\"><figure class=\"wp-block-media-text__media\"><a href=\"http:\/\/thomaszigahn.de\/wp-content\/uploads\/2022\/02\/Post-Wert-Zeichen-02.jpg\"><img loading=\"lazy\" decoding=\"async\" width=\"1024\" height=\"683\" src=\"http:\/\/thomaszigahn.de\/wp-content\/uploads\/2022\/02\/Post-Wert-Zeichen-02-1024x683.jpg\" alt=\"\" class=\"wp-image-163 size-full\" srcset=\"http:\/\/thomaszigahn.de\/wp-content\/uploads\/2022\/02\/Post-Wert-Zeichen-02-1024x683.jpg 1024w, http:\/\/thomaszigahn.de\/wp-content\/uploads\/2022\/02\/Post-Wert-Zeichen-02-300x200.jpg 300w, http:\/\/thomaszigahn.de\/wp-content\/uploads\/2022\/02\/Post-Wert-Zeichen-02-768x512.jpg 768w, http:\/\/thomaszigahn.de\/wp-content\/uploads\/2022\/02\/Post-Wert-Zeichen-02.jpg 1200w\" sizes=\"auto, (max-width: 1024px) 100vw, 1024px\" \/><\/a><\/figure><div class=\"wp-block-media-text__content\">\n<h1 class=\"wp-block-heading\" id=\"reise-zum-mond\">Reise zum Mond<\/h1>\n\n\n\n<p>********************************<\/p>\n\n\n\n<p>Collage aus gefundenem Bild und<\/p>\n\n\n\n<p>Tim &amp; Struppi Comics<\/p>\n\n\n\n<p>********************************<\/p>\n\n\n\n<p><strong>Gr\u00f6\u00dfe:<\/strong> 67cm*57cm<\/p>\n\n\n\n<p><strong>Preis:<\/strong> 150,00\u20ac<\/p>\n<\/div><\/div>\n\n\n\n<hr class=\"wp-block-separator\"\/>\n\n\n\n<div class=\"wp-block-media-text alignwide is-stacked-on-mobile\"><figure class=\"wp-block-media-text__media\"><a href=\"http:\/\/thomaszigahn.de\/wp-content\/uploads\/2022\/02\/Post-Wert-Zeichen-03.jpg\"><img loading=\"lazy\" decoding=\"async\" width=\"1024\" height=\"683\" src=\"http:\/\/thomaszigahn.de\/wp-content\/uploads\/2022\/02\/Post-Wert-Zeichen-03-1024x683.jpg\" alt=\"\" class=\"wp-image-164 size-full\" srcset=\"http:\/\/thomaszigahn.de\/wp-content\/uploads\/2022\/02\/Post-Wert-Zeichen-03-1024x683.jpg 1024w, http:\/\/thomaszigahn.de\/wp-content\/uploads\/2022\/02\/Post-Wert-Zeichen-03-300x200.jpg 300w, http:\/\/thomaszigahn.de\/wp-content\/uploads\/2022\/02\/Post-Wert-Zeichen-03-768x512.jpg 768w, http:\/\/thomaszigahn.de\/wp-content\/uploads\/2022\/02\/Post-Wert-Zeichen-03.jpg 1200w\" sizes=\"auto, (max-width: 1024px) 100vw, 1024px\" \/><\/a><\/figure><div class=\"wp-block-media-text__content\">\n<h1 class=\"wp-block-heading\" id=\"beehive\">BeeHive<\/h1>\n\n\n\n<p>********************************<\/p>\n\n\n\n<p>Collage aus Bienenbildern und einem<\/p>\n\n\n\n<p>Dudeneintrag \u00fcber Bienen.<\/p>\n\n\n\n<p>********************************<\/p>\n\n\n\n<p><strong>Gr\u00f6\u00dfe: <\/strong>19,5cm * 14,5cm * 3cm<\/p>\n\n\n\n<p><strong>Preis: <\/strong>75,00\u20ac<\/p>\n<\/div><\/div>\n\n\n\n<hr class=\"wp-block-separator\"\/>\n\n\n\n<div class=\"wp-block-media-text alignwide has-media-on-the-right is-stacked-on-mobile\"><figure class=\"wp-block-media-text__media\"><a href=\"http:\/\/thomaszigahn.de\/wp-content\/uploads\/2022\/02\/Post-Wert-Zeichen-16.jpg\"><img loading=\"lazy\" decoding=\"async\" width=\"683\" height=\"1024\" src=\"http:\/\/thomaszigahn.de\/wp-content\/uploads\/2022\/02\/Post-Wert-Zeichen-16-683x1024.jpg\" alt=\"\" class=\"wp-image-165 size-full\" srcset=\"http:\/\/thomaszigahn.de\/wp-content\/uploads\/2022\/02\/Post-Wert-Zeichen-16-683x1024.jpg 683w, http:\/\/thomaszigahn.de\/wp-content\/uploads\/2022\/02\/Post-Wert-Zeichen-16-200x300.jpg 200w, http:\/\/thomaszigahn.de\/wp-content\/uploads\/2022\/02\/Post-Wert-Zeichen-16-768x1152.jpg 768w, http:\/\/thomaszigahn.de\/wp-content\/uploads\/2022\/02\/Post-Wert-Zeichen-16.jpg 800w\" sizes=\"auto, (max-width: 683px) 100vw, 683px\" \/><\/a><\/figure><div class=\"wp-block-media-text__content\">\n<h1 class=\"wp-block-heading\" id=\"flora-und-fauna-japans\"><strong>Flora und Fauna Japans<\/strong><\/h1>\n\n\n\n<p>********************************<\/p>\n\n\n\n<p><em>Collage aus Magazinausschnitten und ca. 60 japanischen Briefmarken der Serie \u201eDie Flora und Fauna Japans\u201c<\/em><\/p>\n\n\n\n<p><em>********************************<\/em><\/p>\n\n\n\n<p><strong>Gr\u00f6\u00dfe: <\/strong>19,5cm * 14,5cm * 3cm<\/p>\n\n\n\n<p><strong>Preis: <\/strong>100,00\u20ac<\/p>\n<\/div><\/div>\n\n\n\n<hr class=\"wp-block-separator\"\/>\n\n\n\n<div class=\"wp-block-media-text alignwide is-stacked-on-mobile\"><figure class=\"wp-block-media-text__media\"><a href=\"http:\/\/thomaszigahn.de\/wp-content\/uploads\/2022\/02\/Post-Wert-Zeichen-17.jpg\"><img loading=\"lazy\" decoding=\"async\" width=\"1024\" height=\"683\" src=\"http:\/\/thomaszigahn.de\/wp-content\/uploads\/2022\/02\/Post-Wert-Zeichen-17-1024x683.jpg\" alt=\"\" class=\"wp-image-166 size-full\" srcset=\"http:\/\/thomaszigahn.de\/wp-content\/uploads\/2022\/02\/Post-Wert-Zeichen-17-1024x683.jpg 1024w, http:\/\/thomaszigahn.de\/wp-content\/uploads\/2022\/02\/Post-Wert-Zeichen-17-300x200.jpg 300w, http:\/\/thomaszigahn.de\/wp-content\/uploads\/2022\/02\/Post-Wert-Zeichen-17-768x512.jpg 768w, http:\/\/thomaszigahn.de\/wp-content\/uploads\/2022\/02\/Post-Wert-Zeichen-17.jpg 1200w\" sizes=\"auto, (max-width: 1024px) 100vw, 1024px\" \/><\/a><\/figure><div class=\"wp-block-media-text__content\">\n<h1 class=\"wp-block-heading\" id=\"greifvogel\"><strong>Greifv\u00f6gel<\/strong><\/h1>\n\n\n\n<p>********************************<\/p>\n\n\n\n<p><em>Collage aus Vogel-Briefmarken<\/em> auf schwarzer Pappe.<\/p>\n\n\n\n<p><em>********************************<\/em><\/p>\n\n\n\n<p><strong>Gr\u00f6\u00dfe:<\/strong> 16cm*10,5cm<\/p>\n\n\n\n<p><strong>Preis: <\/strong>30,00\u20ac<\/p>\n<\/div><\/div>\n\n\n\n<hr class=\"wp-block-separator\"\/>\n\n\n\n<div class=\"wp-block-media-text alignwide has-media-on-the-right is-stacked-on-mobile\"><figure class=\"wp-block-media-text__media\"><a href=\"http:\/\/thomaszigahn.de\/wp-content\/uploads\/2022\/02\/Post-Wert-Zeichen-18.jpg\"><img loading=\"lazy\" decoding=\"async\" width=\"1024\" height=\"683\" src=\"http:\/\/thomaszigahn.de\/wp-content\/uploads\/2022\/02\/Post-Wert-Zeichen-18-1024x683.jpg\" alt=\"\" class=\"wp-image-167 size-full\" srcset=\"http:\/\/thomaszigahn.de\/wp-content\/uploads\/2022\/02\/Post-Wert-Zeichen-18-1024x683.jpg 1024w, http:\/\/thomaszigahn.de\/wp-content\/uploads\/2022\/02\/Post-Wert-Zeichen-18-300x200.jpg 300w, http:\/\/thomaszigahn.de\/wp-content\/uploads\/2022\/02\/Post-Wert-Zeichen-18-768x512.jpg 768w, http:\/\/thomaszigahn.de\/wp-content\/uploads\/2022\/02\/Post-Wert-Zeichen-18.jpg 1200w\" sizes=\"auto, (max-width: 1024px) 100vw, 1024px\" \/><\/a><\/figure><div class=\"wp-block-media-text__content\">\n<h1 class=\"wp-block-heading\" id=\"geschutzte-vogelarten-der-ddr\"><strong>Gesch\u00fctzte Vogelarten der DDR<\/strong><\/h1>\n\n\n\n<p>********************************<\/p>\n\n\n\n<p><em>Collage aus DDR-Vogel-Briefmarken.<\/em><\/p>\n\n\n\n<p><em>********************************<\/em><\/p>\n\n\n\n<p>SOLD<\/p>\n<\/div><\/div>\n\n\n\n<hr class=\"wp-block-separator\"\/>\n\n\n\n<div class=\"wp-block-media-text alignwide is-stacked-on-mobile\"><figure class=\"wp-block-media-text__media\"><a href=\"http:\/\/thomaszigahn.de\/wp-content\/uploads\/2022\/02\/Post-Wert-Zeichen-08-SOLD.jpg\"><img loading=\"lazy\" decoding=\"async\" width=\"1024\" height=\"683\" src=\"http:\/\/thomaszigahn.de\/wp-content\/uploads\/2022\/02\/Post-Wert-Zeichen-08-SOLD-1024x683.jpg\" alt=\"\" class=\"wp-image-168 size-full\" srcset=\"http:\/\/thomaszigahn.de\/wp-content\/uploads\/2022\/02\/Post-Wert-Zeichen-08-SOLD-1024x683.jpg 1024w, http:\/\/thomaszigahn.de\/wp-content\/uploads\/2022\/02\/Post-Wert-Zeichen-08-SOLD-300x200.jpg 300w, http:\/\/thomaszigahn.de\/wp-content\/uploads\/2022\/02\/Post-Wert-Zeichen-08-SOLD-768x512.jpg 768w, http:\/\/thomaszigahn.de\/wp-content\/uploads\/2022\/02\/Post-Wert-Zeichen-08-SOLD.jpg 1200w\" sizes=\"auto, (max-width: 1024px) 100vw, 1024px\" \/><\/a><\/figure><div class=\"wp-block-media-text__content\">\n<h1 class=\"wp-block-heading\" id=\"a-mark-a-yen-a-buck-or-a-pound\"><em><strong>A Mark, a Yen, a Buck or a Pound&#8230;<\/strong><\/em><\/h1>\n\n\n\n<p><em>********************************<\/em><\/p>\n\n\n\n<p>&#8230;it makes the world go around<\/p>\n\n\n\n<p><em>Collage aus Geldscheinen aus den USA, Rum\u00e4nien, Polen, Luxemburg, \u00c4gypten, Italien, Jugoslawien, Bangladesh, Vietnam und \u00d6sterreich.<\/em><\/p>\n\n\n\n<p><em>********************************<\/em><\/p>\n\n\n\n<p>SOLD<\/p>\n<\/div><\/div>\n\n\n\n<hr class=\"wp-block-separator\"\/>\n\n\n\n<div class=\"wp-block-media-text alignwide has-media-on-the-right is-stacked-on-mobile\"><figure class=\"wp-block-media-text__media\"><a href=\"http:\/\/thomaszigahn.de\/wp-content\/uploads\/2022\/02\/Post-Wert-Zeichen-09.jpg\"><img loading=\"lazy\" decoding=\"async\" width=\"1024\" height=\"683\" src=\"http:\/\/thomaszigahn.de\/wp-content\/uploads\/2022\/02\/Post-Wert-Zeichen-09-1024x683.jpg\" alt=\"\" class=\"wp-image-225 size-full\" srcset=\"http:\/\/thomaszigahn.de\/wp-content\/uploads\/2022\/02\/Post-Wert-Zeichen-09-1024x683.jpg 1024w, http:\/\/thomaszigahn.de\/wp-content\/uploads\/2022\/02\/Post-Wert-Zeichen-09-300x200.jpg 300w, http:\/\/thomaszigahn.de\/wp-content\/uploads\/2022\/02\/Post-Wert-Zeichen-09-768x512.jpg 768w, http:\/\/thomaszigahn.de\/wp-content\/uploads\/2022\/02\/Post-Wert-Zeichen-09.jpg 1200w\" sizes=\"auto, (max-width: 1024px) 100vw, 1024px\" \/><\/a><\/figure><div class=\"wp-block-media-text__content\">\n<h1 class=\"wp-block-heading\" id=\"auto-union-1000-s\"><strong>Auto Union 1000 S<\/strong><\/h1>\n\n\n\n<p>********************************<\/p>\n\n\n\n<p><em>Scherenschnitt aus einer alten Briefmarke<\/em><\/p>\n\n\n\n<p><em>********************************<\/em><\/p>\n\n\n\n<p><strong>Gr\u00f6\u00dfe:<\/strong> 18,5cm*13,5cm<\/p>\n\n\n\n<p><strong>Preis:<\/strong> 25,00\u20ac<\/p>\n<\/div><\/div>\n\n\n\n<hr class=\"wp-block-separator\"\/>\n\n\n\n<div class=\"wp-block-media-text alignwide is-stacked-on-mobile\"><figure class=\"wp-block-media-text__media\"><a href=\"http:\/\/thomaszigahn.de\/wp-content\/uploads\/2022\/02\/Post-Wert-Zeichen-10.jpg\"><img loading=\"lazy\" decoding=\"async\" width=\"1024\" height=\"683\" src=\"http:\/\/thomaszigahn.de\/wp-content\/uploads\/2022\/02\/Post-Wert-Zeichen-10-1024x683.jpg\" alt=\"\" class=\"wp-image-227 size-full\" srcset=\"http:\/\/thomaszigahn.de\/wp-content\/uploads\/2022\/02\/Post-Wert-Zeichen-10-1024x683.jpg 1024w, http:\/\/thomaszigahn.de\/wp-content\/uploads\/2022\/02\/Post-Wert-Zeichen-10-300x200.jpg 300w, http:\/\/thomaszigahn.de\/wp-content\/uploads\/2022\/02\/Post-Wert-Zeichen-10-768x512.jpg 768w, http:\/\/thomaszigahn.de\/wp-content\/uploads\/2022\/02\/Post-Wert-Zeichen-10.jpg 1200w\" sizes=\"auto, (max-width: 1024px) 100vw, 1024px\" \/><\/a><\/figure><div class=\"wp-block-media-text__content\">\n<h1 class=\"wp-block-heading\" id=\"olympia-rekord-p1\"><strong>Olympia Rekord P1<\/strong><\/h1>\n\n\n\n<p>********************************<\/p>\n\n\n\n<p><em>Scherenschnitt aus einer alten Briefmarke<\/em><\/p>\n\n\n\n<p><em>********************************<\/em><\/p>\n\n\n\n<p><strong>Gr\u00f6\u00dfe:<\/strong> 10,5cm*10,5cm<\/p>\n\n\n\n<p><strong>Preis: <\/strong>25,00\u20ac<\/p>\n<\/div><\/div>\n\n\n\n<hr class=\"wp-block-separator\"\/>\n\n\n\n<div class=\"wp-block-media-text alignwide has-media-on-the-right is-stacked-on-mobile\"><figure class=\"wp-block-media-text__media\"><a href=\"http:\/\/thomaszigahn.de\/wp-content\/uploads\/2022\/02\/Post-Wert-Zeichen-11.jpg\"><img loading=\"lazy\" decoding=\"async\" width=\"1024\" height=\"683\" src=\"http:\/\/thomaszigahn.de\/wp-content\/uploads\/2022\/02\/Post-Wert-Zeichen-11-1024x683.jpg\" alt=\"\" class=\"wp-image-228 size-full\" srcset=\"http:\/\/thomaszigahn.de\/wp-content\/uploads\/2022\/02\/Post-Wert-Zeichen-11-1024x683.jpg 1024w, http:\/\/thomaszigahn.de\/wp-content\/uploads\/2022\/02\/Post-Wert-Zeichen-11-300x200.jpg 300w, http:\/\/thomaszigahn.de\/wp-content\/uploads\/2022\/02\/Post-Wert-Zeichen-11-768x512.jpg 768w, http:\/\/thomaszigahn.de\/wp-content\/uploads\/2022\/02\/Post-Wert-Zeichen-11.jpg 1200w\" sizes=\"auto, (max-width: 1024px) 100vw, 1024px\" \/><\/a><\/figure><div class=\"wp-block-media-text__content\">\n<h1 class=\"wp-block-heading\" id=\"356-b-coupe\">356 B Coup\u00e9<\/h1>\n\n\n\n<p>******************************<\/p>\n\n\n\n<p><em>Scherenschnitt aus einer alten Briefmarke<\/em><\/p>\n\n\n\n<p><em>********************************<\/em><\/p>\n\n\n\n<p>SOLD<\/p>\n<\/div><\/div>\n\n\n\n<hr class=\"wp-block-separator\"\/>\n\n\n\n<div class=\"wp-block-media-text alignwide is-stacked-on-mobile\"><figure class=\"wp-block-media-text__media\"><a href=\"http:\/\/thomaszigahn.de\/wp-content\/uploads\/2022\/02\/Post-Wert-Zeichen-12.jpg\"><img loading=\"lazy\" decoding=\"async\" width=\"1024\" height=\"683\" src=\"http:\/\/thomaszigahn.de\/wp-content\/uploads\/2022\/02\/Post-Wert-Zeichen-12-1024x683.jpg\" alt=\"\" class=\"wp-image-229 size-full\" srcset=\"http:\/\/thomaszigahn.de\/wp-content\/uploads\/2022\/02\/Post-Wert-Zeichen-12-1024x683.jpg 1024w, http:\/\/thomaszigahn.de\/wp-content\/uploads\/2022\/02\/Post-Wert-Zeichen-12-300x200.jpg 300w, http:\/\/thomaszigahn.de\/wp-content\/uploads\/2022\/02\/Post-Wert-Zeichen-12-768x512.jpg 768w, http:\/\/thomaszigahn.de\/wp-content\/uploads\/2022\/02\/Post-Wert-Zeichen-12.jpg 1200w\" sizes=\"auto, (max-width: 1024px) 100vw, 1024px\" \/><\/a><\/figure><div class=\"wp-block-media-text__content\">\n<h1 class=\"wp-block-heading\" id=\"vw-kafer\"><strong>VW K\u00e4fer<\/strong><\/h1>\n\n\n\n<p>********************************<\/p>\n\n\n\n<p><em>Scherenschnitt aus einer alten Briefmarke<\/em><\/p>\n\n\n\n<p><em>********************************<\/em><\/p>\n\n\n\n<p><strong>Gr\u00f6\u00dfe: <\/strong>16,5cm * 12cm<\/p>\n\n\n\n<p><strong>Preis:<\/strong> 25,00\u20ac<\/p>\n<\/div><\/div>\n\n\n\n<hr class=\"wp-block-separator\"\/>\n\n\n\n<div class=\"wp-block-media-text alignwide has-media-on-the-right is-stacked-on-mobile\"><figure class=\"wp-block-media-text__media\"><a href=\"http:\/\/thomaszigahn.de\/wp-content\/uploads\/2022\/02\/Post-Wert-Zeichen-13.jpg\"><img loading=\"lazy\" decoding=\"async\" width=\"1024\" height=\"683\" src=\"http:\/\/thomaszigahn.de\/wp-content\/uploads\/2022\/02\/Post-Wert-Zeichen-13-1024x683.jpg\" alt=\"\" class=\"wp-image-230 size-full\" srcset=\"http:\/\/thomaszigahn.de\/wp-content\/uploads\/2022\/02\/Post-Wert-Zeichen-13-1024x683.jpg 1024w, http:\/\/thomaszigahn.de\/wp-content\/uploads\/2022\/02\/Post-Wert-Zeichen-13-300x200.jpg 300w, http:\/\/thomaszigahn.de\/wp-content\/uploads\/2022\/02\/Post-Wert-Zeichen-13-768x512.jpg 768w, http:\/\/thomaszigahn.de\/wp-content\/uploads\/2022\/02\/Post-Wert-Zeichen-13.jpg 1200w\" sizes=\"auto, (max-width: 1024px) 100vw, 1024px\" \/><\/a><\/figure><div class=\"wp-block-media-text__content\">\n<h1 class=\"wp-block-heading\" id=\"isetta-300\"><strong>Isetta 300<\/strong><\/h1>\n\n\n\n<p>********************************<\/p>\n\n\n\n<p><em>Scherenschnitt aus einer alten Briefmarke<\/em><\/p>\n\n\n\n<p><em>********************************<\/em><\/p>\n\n\n\n<p><strong>Gr\u00f6\u00dfe:<\/strong> 21cm*16cm<\/p>\n\n\n\n<p><strong>Preis:<\/strong> 25,00\u20ac<\/p>\n<\/div><\/div>\n\n\n\n<hr class=\"wp-block-separator\"\/>\n\n\n\n<div class=\"wp-block-media-text alignwide is-stacked-on-mobile\"><figure class=\"wp-block-media-text__media\"><a href=\"http:\/\/thomaszigahn.de\/wp-content\/uploads\/2022\/02\/Post-Wert-Zeichen-15.jpg\"><img loading=\"lazy\" decoding=\"async\" width=\"1024\" height=\"683\" src=\"http:\/\/thomaszigahn.de\/wp-content\/uploads\/2022\/02\/Post-Wert-Zeichen-15-1024x683.jpg\" alt=\"\" class=\"wp-image-231 size-full\" srcset=\"http:\/\/thomaszigahn.de\/wp-content\/uploads\/2022\/02\/Post-Wert-Zeichen-15-1024x683.jpg 1024w, http:\/\/thomaszigahn.de\/wp-content\/uploads\/2022\/02\/Post-Wert-Zeichen-15-300x200.jpg 300w, http:\/\/thomaszigahn.de\/wp-content\/uploads\/2022\/02\/Post-Wert-Zeichen-15-768x512.jpg 768w, http:\/\/thomaszigahn.de\/wp-content\/uploads\/2022\/02\/Post-Wert-Zeichen-15.jpg 1200w\" sizes=\"auto, (max-width: 1024px) 100vw, 1024px\" \/><\/a><\/figure><div class=\"wp-block-media-text__content\">\n<h1 class=\"wp-block-heading\" id=\"trabant-p50\"><strong>Trabant <\/strong>P50<\/h1>\n\n\n\n<p>********************************<\/p>\n\n\n\n<p><em>Scherenschnitt aus einer alten Briefmarke<\/em><\/p>\n\n\n\n<p><em>********************************<\/em><\/p>\n\n\n\n<p><strong>Gr\u00f6\u00dfe:<\/strong> 18,5cm*13,5cm<\/p>\n\n\n\n<p><strong>Preis:<\/strong> 25,00\u20ac<\/p>\n<\/div><\/div>\n\n\n\n<hr class=\"wp-block-separator\"\/>\n","protected":false},"excerpt":{"rendered":"<p>Einzelst\u00fccke, die keiner Serie angeh\u00f6ren. Die Spinner ******************************** Collage aus gefundenem Bild und diversen Asterix &amp; Obelix &#8211; Comics ******************************** Gr\u00f6\u00dfe: 67cm*57cm Preis: 150,00\u20ac Reise zum Mond ******************************** Collage aus gefundenem Bild und Tim &amp; Struppi Comics ******************************** Gr\u00f6\u00dfe: 67cm*57cm Preis: 150,00\u20ac BeeHive ******************************** Collage aus Bienenbildern und einem Dudeneintrag \u00fcber Bienen. ******************************** Gr\u00f6\u00dfe: 19,5cm&hellip;<\/p>\n","protected":false},"author":1,"featured_media":0,"parent":0,"menu_order":0,"comment_status":"closed","ping_status":"closed","template":"","meta":{"_mo_disable_npp":"","footnotes":""},"class_list":["post-161","page","type-page","status-publish","hentry","no-post-thumbnail","post-grid-4-col","entry"],"_links":{"self":[{"href":"http:\/\/thomaszigahn.de\/index.php?rest_route=\/wp\/v2\/pages\/161","targetHints":{"allow":["GET"]}}],"collection":[{"href":"http:\/\/thomaszigahn.de\/index.php?rest_route=\/wp\/v2\/pages"}],"about":[{"href":"http:\/\/thomaszigahn.de\/index.php?rest_route=\/wp\/v2\/types\/page"}],"author":[{"embeddable":true,"href":"http:\/\/thomaszigahn.de\/index.php?rest_route=\/wp\/v2\/users\/1"}],"replies":[{"embeddable":true,"href":"http:\/\/thomaszigahn.de\/index.php?rest_route=%2Fwp%2Fv2%2Fcomments&post=161"}],"version-history":[{"count":8,"href":"http:\/\/thomaszigahn.de\/index.php?rest_route=\/wp\/v2\/pages\/161\/revisions"}],"predecessor-version":[{"id":526,"href":"http:\/\/thomaszigahn.de\/index.php?rest_route=\/wp\/v2\/pages\/161\/revisions\/526"}],"wp:attachment":[{"href":"http:\/\/thomaszigahn.de\/index.php?rest_route=%2Fwp%2Fv2%2Fmedia&parent=161"}],"curies":[{"name":"wp","href":"https:\/\/api.w.org\/{rel}","templated":true}]}}